{"id":3096,"date":"2022-10-14T06:06:42","date_gmt":"2022-10-14T06:06:42","guid":{"rendered":"https:\/\/heradsskolinn.is\/sagan\/"},"modified":"2024-08-15T13:51:21","modified_gmt":"2024-08-15T13:51:21","slug":"sagan","status":"publish","type":"page","link":"https:\/\/heradsskolinn.is\/is\/sagan\/","title":{"rendered":"Sagan"},"content":{"rendered":"<style>\/*! elementor - v3.23.0 - 05-08-2024 *\/\n.elementor-heading-title{padding:0;margin:0;line-height:1}.elementor-widget-heading .elementor-heading-title[class*=elementor-size-]>a{color:inherit;font-size:inherit;line-height:inherit}.elementor-widget-heading .elementor-heading-title.elementor-size-small{font-size:15px}.elementor-widget-heading .elementor-heading-title.elementor-size-medium{font-size:19px}.elementor-widget-heading .elementor-heading-title.elementor-size-large{font-size:29px}.elementor-widget-heading .elementor-heading-title.elementor-size-xl{font-size:39px}.elementor-widget-heading .elementor-heading-title.elementor-size-xxl{font-size:59px}<\/style>\n<h2>Sagan<\/h2>\n<style>\/*! elementor - v3.23.0 - 05-08-2024 *\/\n.elementor-widget-image-carousel .swiper,.elementor-widget-image-carousel .swiper-container{position:static}.elementor-widget-image-carousel .swiper-container .swiper-slide figure,.elementor-widget-image-carousel .swiper .swiper-slide figure{line-height:inherit}.elementor-widget-image-carousel .swiper-slide{text-align:center}.elementor-image-carousel-wrapper:not(.swiper-container-initialized):not(.swiper-initialized) .swiper-slide{max-width:calc(100% \/ var(--e-image-carousel-slides-to-show, 3))}<\/style>\n<figure><img decoding=\"async\" src=\"https:\/\/heradsskolinn.is\/wp-content\/uploads\/2021\/01\/Gudjon_malstofa-1080x675-1.jpeg\" alt=\"Gudjon_malstofa-1080x675\" \/><\/figure>\n<h2>Gistu \u00ed t\u00edmav\u00e9l H\u00e9ra\u00f0ssk\u00f3lans<\/h2>\n<h2>H\u00e9ra\u00f0ssk\u00f3linn var stofna\u00f0ur 1.n\u00f3vember 1928<\/h2>\n<p>H\u00e9ra\u00f0ssk\u00f3linn var hanna\u00f0ur af Gu\u00f0j\u00f3ni Sam\u00faelssyni, sem af flestum landsm\u00f6nnum er talinn merkasti arkitekt \u00cdslandss\u00f6gunnar. J\u00f3nas fr\u00e1 Hriflu st\u00f3\u00f0 fyrir byggingu H\u00e9ra\u00f0ssk\u00f3lans \u00e1 Laugarvatni. Eftir mikla p\u00f3lit\u00edk og vangaveltur um hvar sk\u00f3linn \u00e6tti a\u00f0 r\u00edsa bar\u00f0i J\u00f3nas \u00ed bor\u00f0i\u00f0 og sag\u00f0i: \u201cN\u00fa skulum vi\u00f0 fara eftir r\u00e1\u00f0leggingum arkitektsins\u201d og v\u00edsa\u00f0i \u00fear \u00ed or\u00f0 Gu\u00f0j\u00f3ns um a\u00f0 hvergi finndist fallegri sta\u00f0ur og betri fyrir H\u00e9ra\u00f0ssk\u00f3la en \u00e1 Laugarvatni. <\/p>\n<p>Ingunn og B\u00f6\u00f0var sem \u00ed daglegu tali eru nefnd \u201cLaugarvatnshj\u00f3nin\u201d g\u00e1fu eftir j\u00f6r\u00f0 s\u00edna til handa r\u00edkinu svo draumur um menntastofnun \u00e1 Laugarvatni yr\u00f0i a\u00f0 veruleika. B\u00f6\u00f0var \u00e1tti svo sannarlega eftir a\u00f0 leggja sitt af m\u00f6rkunum til \u00feess a\u00f0 gera Laugarvatn a\u00f0 \u00fev\u00ed mennta- og menningarsetri sem \u00fea\u00f0 hefur veri\u00f0 allar g\u00f6tur s\u00ed\u00f0an.    <\/p>\n<p>\t\t\t<a href=\"https:\/\/heradsskolinn.is\/is\/boka\/\"><br \/>\n\t\t\t\t\t\t\t\t\tB\u00f3ka<br \/>\n\t\t\t\t\t<\/a><\/p>\n<style>\/*! elementor - v3.23.0 - 05-08-2024 *\/\n.elementor-counter{display:flex;justify-content:center;align-items:stretch;flex-direction:column-reverse}.elementor-counter .elementor-counter-number{flex-grow:var(--counter-number-grow,0)}.elementor-counter .elementor-counter-number-wrapper{flex:1;display:flex;font-size:69px;font-weight:600;line-height:1;text-align:center}.elementor-counter .elementor-counter-number-prefix{text-align:end;flex-grow:var(--counter-prefix-grow,1);white-space:pre-wrap}.elementor-counter .elementor-counter-number-suffix{text-align:start;flex-grow:var(--counter-suffix-grow,1);white-space:pre-wrap}.elementor-counter .elementor-counter-title{flex:1;display:flex;justify-content:center;align-items:center;margin:0;padding:0;font-size:19px;font-weight:400;line-height:2.5}<\/style>\n<p>\t\t\t\u00c1ral\u00f6ng saga og menning<br \/>\n\t\t\t\t0<br \/>\n\t\t\t\t+<br \/>\n\t\t\tHerbergi<br \/>\n\t\t\t\t0<br \/>\n\t\t\tGestir<br \/>\n\t\t\t\t0<br \/>\n\t\t\t\t\u00fe<br \/>\n\t\t\tUmsagnir<br \/>\n\t\t\t\t0<br \/>\n\t\t\t\t\u2605<\/p>\n<h2>Halld\u00f3r Laxness<\/h2>\n<p>Halld\u00f3r Kiljan Laxness (1902-1998) er \u00e1n efa \u00feekktasta sk\u00e1ld okkar \u00edslendinga. Hann ger\u00f0i s\u00e9r l\u00edti\u00f0 fyrir og vann s\u00e9r inn eitt stykki N\u00f3belsver\u00f0laun \u00e1ri\u00f0 1955 \u2013 eitthva\u00f0 sem enginn annar \u00edslendingur hefur leiki\u00f0 eftir. <\/p>\n<p>Halld\u00f3r eyddi m\u00f6rgum stundum \u00ed gamla H\u00e9ra\u00f0ssk\u00f3lanum sem var reki\u00f0 sem h\u00f3tel \u00e1 sumrin. H\u00e9rna kynntist hann Au\u00f0i, eiginkonu sinni, sem vann h\u00e9rna sem \u00feerna. Halld\u00f3r bar\u00f0i \u00e1 ritv\u00e9lina s\u00edna h\u00e9rna sumrin \u00ed kringum 1930 og m\u00e1 \u00fev\u00ed gera r\u00e1\u00f0 fyrir a\u00f0 hluti s\u00f6gunnar Sj\u00e1lfst\u00e6tt f\u00f3lk hafi veri\u00f0 ritu\u00f0 h\u00e9rna. <\/p>\n<p>\u00deeir sem vilja finna kraft Halld\u00f3rs geta sest ni\u00f0ur \u00ed H\u00e9ra\u00f0ssk\u00f3lanum \u00ed dag og slegi\u00f0 nokkur sl\u00f6g \u00e1 ritv\u00e9lina hans. H\u00fan er ekki eins \u00fe\u00e6gileg og iPad gr\u00e6jan, en h\u00fan virkar \u00fe\u00f3 enn fullkomlega.    <\/p>\n<figure><img decoding=\"async\" src=\"https:\/\/heradsskolinn.is\/wp-content\/uploads\/2022\/10\/halldor-laxness.png.png\" alt=\"halldor-laxness.png\" \/><\/figure>\n<figure><img decoding=\"async\" src=\"https:\/\/heradsskolinn.is\/wp-content\/uploads\/2022\/10\/jonas-hrifla.png.png\" alt=\"jonas-hrifla.png\" \/><\/figure>\n<h2>J\u00f3nas fr\u00e1 Hrifla<\/h2>\n<p>J\u00f3nas J\u00f3nsson fr\u00e1 Hriflu (1885-1968), var einn \u00f3tr\u00falegur ma\u00f0ur sem setti mikinn lit \u00e1 p\u00f3lit\u00edska s\u00f6gu okkar \u00edslendinga \u00ed byrjun s\u00ed\u00f0ustu aldar. Hann var r\u00e1\u00f0herra og mikill frumkv\u00f6\u00f0ull \u00e1 \u00fdmsum svi\u00f0um.<\/p>\n<p>J\u00f3nas \u00e1tti s\u00e9r draum um Laugarvatn. Hann vildi sj\u00e1 Laugarvatn sem mi\u00f0st\u00f6\u00f0 menningar og menntunar \u00ed einu fallegasta umhverfi sem finndist \u00e1 \u00cdslandinu g\u00f3\u00f0a. \u00dea\u00f0 m\u00e1 alveg me\u00f0 sanni segja a\u00f0 honum hafi tekist \u00e6tlunarverk sitt. J\u00f3nas er steyptur \u00ed brons \u00ed dag \u00ed hl\u00ed\u00f0um Laugarvatnsfjalls, \u00fear sem hann fylgist me\u00f0 okkur \u2013 vonandi me\u00f0 bros \u00e1 v\u00f6r.  <\/p>\n<h2>Gu\u00f0j\u00f3n Sam\u00faelsson<\/h2>\n<p>Gu\u00f0j\u00f3n Sam\u00faelsson er \u00e1n efa einn afkastamesti arkitekt \u00ed s\u00f6gu heimsins. \u00dea\u00f0 er alveg \u00f3tr\u00falegt hversu margar byggingar \u00e1 \u00cdslandi eru teikna\u00f0ar af honum. H\u00e9ra\u00f0ssk\u00f3linn \u00e1 Laugarvatni er einn \u00feessarra bygginga og \u00feurfum vi\u00f0 a\u00f0 minna okkur \u00e1 \u00fea\u00f0 reglulega a\u00f0 ganga h\u00e9r um \u00ed au\u00f0m\u00fdkt \u00fev\u00ed h\u00e9r g\u00f6ngum vi\u00f0 um \u00ed sk\u00f6pun meistara.  <\/p>\n<p>Vi\u00f0 bj\u00f3\u00f0um gestum okkar \u00ed dag a\u00f0 setjast ni\u00f0ur vi\u00f0 skrifbor\u00f0 meistarans! <\/p>\n<figure><img decoding=\"async\" src=\"https:\/\/heradsskolinn.is\/wp-content\/uploads\/2022\/10\/Gudjon_samuelsson_mynd.jpeg\" alt=\"Gudjon_samuelsson_mynd\" \/><\/figure>\n<figure><img decoding=\"async\" src=\"https:\/\/heradsskolinn.is\/wp-content\/uploads\/2022\/10\/initiation.png.png\" alt=\"initiation.png\" \/><\/figure>\n<h2>N\u00fd r\u00edkisstj\u00f3rn \u00ed H\u00e9ra\u00f0ssk\u00f3lanum<\/h2>\n<p>Sigmundur Dav\u00ed\u00f0 og Bjarni Ben. \u00e1kv\u00e1\u00f0u a\u00f0 stoppa \u00ed gamla H\u00e9ra\u00f0ssk\u00f3lanum til \u00feess a\u00f0 skrifa undir stj\u00f3rnars\u00e1ttm\u00e1lann sumari\u00f0 2013. \u00deeir spur\u00f0u okkur reyndar ekki um leyfi en \u00fea\u00f0 er allt \u00ed g\u00f3\u00f0u.<\/p>\n<p>Vi\u00f0 vonum innilega a\u00f0 g\u00f3\u00f0ur andi H\u00e9ra\u00f0ssk\u00f3lans hafi n\u00e1\u00f0 a\u00f0 l\u00e6sa sig inn \u00ed s\u00e1lir \u00feeirra og komi til me\u00f0 a\u00f0 skila g\u00f3\u00f0u til landsmanna. Ef andinn n\u00e6r ekki inn \u00ed hj\u00f6rtu \u00feeirra komum vi\u00f0 hvort e\u00f0 er til me\u00f0 a\u00f0 dreifa fri\u00f0i og \u00e1st til landsmanna.<\/p>\n","protected":false},"excerpt":{"rendered":"<p>Sagan Gistu \u00ed t\u00edmav\u00e9l H\u00e9ra\u00f0ssk\u00f3lans H\u00e9ra\u00f0ssk\u00f3linn var stofna\u00f0ur 1.n\u00f3vember 1928 H\u00e9ra\u00f0ssk\u00f3linn var hanna\u00f0ur af Gu\u00f0j\u00f3ni Sam\u00faelssyni, sem af flestum landsm\u00f6nnum er talinn merkasti arkitekt \u00cdslandss\u00f6gunnar. J\u00f3nas fr\u00e1 Hriflu st\u00f3\u00f0 fyrir byggingu H\u00e9ra\u00f0ssk\u00f3lans \u00e1 Laugarvatni. Eftir mikla p\u00f3lit\u00edk og vangaveltur um hvar sk\u00f3linn \u00e6tti a\u00f0 r\u00edsa bar\u00f0i J\u00f3nas \u00ed bor\u00f0i\u00f0 og sag\u00f0i: \u201cN\u00fa skulum vi\u00f0 fara [&hellip;]<\/p>\n","protected":false},"author":1,"featured_media":0,"parent":0,"menu_order":0,"comment_status":"closed","ping_status":"closed","template":"elementor_header_footer","meta":{"footnotes":""},"class_list":["post-3096","page","type-page","status-publish","hentry"],"_links":{"self":[{"href":"https:\/\/heradsskolinn.is\/is\/wp-json\/wp\/v2\/pages\/3096","targetHints":{"allow":["GET"]}}],"collection":[{"href":"https:\/\/heradsskolinn.is\/is\/wp-json\/wp\/v2\/pages"}],"about":[{"href":"https:\/\/heradsskolinn.is\/is\/wp-json\/wp\/v2\/types\/page"}],"author":[{"embeddable":true,"href":"https:\/\/heradsskolinn.is\/is\/wp-json\/wp\/v2\/users\/1"}],"replies":[{"embeddable":true,"href":"https:\/\/heradsskolinn.is\/is\/wp-json\/wp\/v2\/comments?post=3096"}],"version-history":[{"count":33,"href":"https:\/\/heradsskolinn.is\/is\/wp-json\/wp\/v2\/pages\/3096\/revisions"}],"predecessor-version":[{"id":3921,"href":"https:\/\/heradsskolinn.is\/is\/wp-json\/wp\/v2\/pages\/3096\/revisions\/3921"}],"wp:attachment":[{"href":"https:\/\/heradsskolinn.is\/is\/wp-json\/wp\/v2\/media?parent=3096"}],"curies":[{"name":"wp","href":"https:\/\/api.w.org\/{rel}","templated":true}]}}