{"id":3117,"date":"2022-10-13T15:11:39","date_gmt":"2022-10-13T15:11:39","guid":{"rendered":"https:\/\/heradsskolinn.is\/naeturdyrd\/"},"modified":"2024-08-15T10:59:15","modified_gmt":"2024-08-15T10:59:15","slug":"naeturdyrd","status":"publish","type":"page","link":"https:\/\/heradsskolinn.is\/is\/naeturdyrd\/","title":{"rendered":"N\u00e6turd\u00fdr\u00f0"},"content":{"rendered":"\t\t<div data-elementor-type=\"wp-page\" data-elementor-id=\"3117\" class=\"elementor elementor-3117 elementor-2626\" data-elementor-post-type=\"page\">\n\t\t\t\t\t\t<section class=\"elementor-section elementor-top-section elementor-element elementor-element-52b9840d elementor-section-boxed elementor-section-height-default elementor-section-height-default\" data-id=\"52b9840d\" data-element_type=\"section\" data-e-type=\"section\" data-settings=\"{&quot;background_background&quot;:&quot;classic&quot;}\">\n\t\t\t\t\t\t\t<div class=\"elementor-background-overlay\"><\/div>\n\t\t\t\t\t\t\t<div class=\"elementor-container elementor-column-gap-default\">\n\t\t\t\t\t<div class=\"elementor-column elementor-col-100 elementor-top-column elementor-element elementor-element-37b4eaa\" data-id=\"37b4eaa\" data-element_type=\"column\" data-e-type=\"column\">\n\t\t\t<div class=\"elementor-widget-wrap elementor-element-populated\">\n\t\t\t\t\t\t<div class=\"elementor-element elementor-element-757df752 elementor-invisible elementor-widget elementor-widget-heading\" data-id=\"757df752\" data-element_type=\"widget\" data-e-type=\"widget\" data-settings=\"{&quot;_animation&quot;:&quot;fadeInLeft&quot;}\" data-widget_type=\"heading.default\">\n\t\t\t\t\t<h2 class=\"elementor-heading-title elementor-size-default\">N\u00e6turd\u00fdr\u00f0<\/h2>\t\t\t\t<\/div>\n\t\t\t\t\t<\/div>\n\t\t<\/div>\n\t\t\t\t\t<\/div>\n\t\t<\/section>\n\t\t\t\t<section class=\"elementor-section elementor-top-section elementor-element elementor-element-25b99a3e elementor-reverse-mobile elementor-section-boxed elementor-section-height-default elementor-section-height-default\" data-id=\"25b99a3e\" data-element_type=\"section\" data-e-type=\"section\" data-settings=\"{&quot;background_background&quot;:&quot;gradient&quot;}\">\n\t\t\t\t\t\t<div class=\"elementor-container elementor-column-gap-default\">\n\t\t\t\t\t<div class=\"elementor-column elementor-col-50 elementor-top-column elementor-element elementor-element-42be3f12\" data-id=\"42be3f12\" data-element_type=\"column\" data-e-type=\"column\">\n\t\t\t<div class=\"elementor-widget-wrap elementor-element-populated\">\n\t\t\t\t\t\t<div class=\"elementor-element elementor-element-768f106b elementor-widget__width-initial elementor-absolute elementor-invisible elementor-widget elementor-widget-image\" data-id=\"768f106b\" data-element_type=\"widget\" data-e-type=\"widget\" data-settings=\"{&quot;_position&quot;:&quot;absolute&quot;,&quot;_animation&quot;:&quot;slideInUp&quot;}\" data-widget_type=\"image.default\">\n\t\t\t\t\t\t\t\t\t\t\t\t\t\t\t<img fetchpriority=\"high\" decoding=\"async\" width=\"1920\" height=\"1438\" src=\"https:\/\/heradsskolinn.is\/wp-content\/uploads\/2024\/08\/Hero_4.jpg\" class=\"attachment-full size-full wp-image-3772\" alt=\"\" srcset=\"https:\/\/heradsskolinn.is\/wp-content\/uploads\/2024\/08\/Hero_4.jpg 1920w, https:\/\/heradsskolinn.is\/wp-content\/uploads\/2024\/08\/Hero_4-300x225.jpg 300w, https:\/\/heradsskolinn.is\/wp-content\/uploads\/2024\/08\/Hero_4-1024x767.jpg 1024w, https:\/\/heradsskolinn.is\/wp-content\/uploads\/2024\/08\/Hero_4-768x575.jpg 768w, https:\/\/heradsskolinn.is\/wp-content\/uploads\/2024\/08\/Hero_4-1536x1150.jpg 1536w\" sizes=\"(max-width: 1920px) 100vw, 1920px\" \/>\t\t\t\t\t\t\t\t\t\t\t\t\t\t\t<\/div>\n\t\t\t\t<div class=\"elementor-element elementor-element-488bcd32 elementor-widget elementor-widget-image\" data-id=\"488bcd32\" data-element_type=\"widget\" data-e-type=\"widget\" data-widget_type=\"image.default\">\n\t\t\t\t\t\t\t\t\t\t\t\t\t\t\t<img decoding=\"async\" width=\"1920\" height=\"1281\" src=\"https:\/\/heradsskolinn.is\/wp-content\/uploads\/2024\/08\/Aurora1.jpg\" class=\"attachment-full size-full wp-image-3612\" alt=\"\" srcset=\"https:\/\/heradsskolinn.is\/wp-content\/uploads\/2024\/08\/Aurora1.jpg 1920w, https:\/\/heradsskolinn.is\/wp-content\/uploads\/2024\/08\/Aurora1-300x200.jpg 300w, https:\/\/heradsskolinn.is\/wp-content\/uploads\/2024\/08\/Aurora1-1024x683.jpg 1024w, https:\/\/heradsskolinn.is\/wp-content\/uploads\/2024\/08\/Aurora1-768x512.jpg 768w, https:\/\/heradsskolinn.is\/wp-content\/uploads\/2024\/08\/Aurora1-1536x1025.jpg 1536w\" sizes=\"(max-width: 1920px) 100vw, 1920px\" \/>\t\t\t\t\t\t\t\t\t\t\t\t\t\t\t<\/div>\n\t\t\t\t\t<\/div>\n\t\t<\/div>\n\t\t\t\t<div class=\"elementor-column elementor-col-50 elementor-top-column elementor-element elementor-element-5ad954c8\" data-id=\"5ad954c8\" data-element_type=\"column\" data-e-type=\"column\">\n\t\t\t<div class=\"elementor-widget-wrap elementor-element-populated\">\n\t\t\t\t\t\t<div class=\"elementor-element elementor-element-40fde42e elementor-widget elementor-widget-heading\" data-id=\"40fde42e\" data-element_type=\"widget\" data-e-type=\"widget\" data-widget_type=\"heading.default\">\n\t\t\t\t\t<h2 class=\"elementor-heading-title elementor-size-default\">Nj\u00f3ttu d\u00fdr\u00f0arinnar \u00ed n\u00e6turhimninum<\/h2>\t\t\t\t<\/div>\n\t\t\t\t<div class=\"elementor-element elementor-element-61f95309 elementor-widget elementor-widget-heading\" data-id=\"61f95309\" data-element_type=\"widget\" data-e-type=\"widget\" data-widget_type=\"heading.default\">\n\t\t\t\t\t<h2 class=\"elementor-heading-title elementor-size-default\">Nor\u00f0urlj\u00f3sin eru vel s\u00fdnileg \u00ed \u00feorpinu okkar.<\/h2>\t\t\t\t<\/div>\n\t\t\t\t<div class=\"elementor-element elementor-element-1c0b6000 elementor-widget elementor-widget-text-editor\" data-id=\"1c0b6000\" data-element_type=\"widget\" data-e-type=\"widget\" data-widget_type=\"text-editor.default\">\n\t\t\t\t\t\t\t\t\t<p>\u00dea\u00f0 er engin \u00fe\u00f6rf \u00e1 a\u00f0 panta r\u00fatufer\u00f0 til \u00feess a\u00f0 sko\u00f0a nor\u00f0urlj\u00f3sin hj\u00e1 okkur. keyr\u00f0u sj\u00e1lfur um e\u00f0a taktu \u00fe\u00e9r g\u00f6ngut\u00far inn \u00ed n\u00f3ttina. H\u00e9ra\u00f0ssk\u00f3linn er sta\u00f0settur \u00ed hjarta Gullna hringsins \u00e1 Laugarvatni, \u00ed a\u00f0eins klukkut\u00edma fjarl\u00e6g\u00f0 fr\u00e1 Reykjav\u00edk. Dimmar vetrarn\u00e6tur og l\u00edtil lj\u00f3smengun gera \u00fe\u00e9r kleift a\u00f0 nj\u00f3ta nor\u00f0urlj\u00f3sanna \u00fat um gluggann \u00ed H\u00e9ra\u00f0ssk\u00f3lanum.<\/p>\n\t\t\t\t\t\t\t\t<\/div>\n\t\t\t\t\t<\/div>\n\t\t<\/div>\n\t\t\t\t\t<\/div>\n\t\t<\/section>\n\t\t\t\t<\/div>\n\t\t","protected":false},"excerpt":{"rendered":"<p>N\u00e6turd\u00fdr\u00f0 Nj\u00f3ttu d\u00fdr\u00f0arinnar \u00ed n\u00e6turhimninum Nor\u00f0urlj\u00f3sin eru vel s\u00fdnileg \u00ed \u00feorpinu okkar. \u00dea\u00f0 er engin \u00fe\u00f6rf \u00e1 a\u00f0 panta r\u00fatufer\u00f0 til \u00feess a\u00f0 sko\u00f0a nor\u00f0urlj\u00f3sin hj\u00e1 okkur. keyr\u00f0u sj\u00e1lfur um e\u00f0a taktu \u00fe\u00e9r g\u00f6ngut\u00far inn \u00ed n\u00f3ttina. H\u00e9ra\u00f0ssk\u00f3linn er sta\u00f0settur \u00ed hjarta Gullna hringsins \u00e1 Laugarvatni, \u00ed a\u00f0eins klukkut\u00edma fjarl\u00e6g\u00f0 fr\u00e1 Reykjav\u00edk. Dimmar vetrarn\u00e6tur og [&hellip;]<\/p>\n","protected":false},"author":1,"featured_media":0,"parent":0,"menu_order":0,"comment_status":"closed","ping_status":"closed","template":"elementor_header_footer","meta":{"footnotes":""},"class_list":["post-3117","page","type-page","status-publish","hentry"],"_links":{"self":[{"href":"https:\/\/heradsskolinn.is\/is\/wp-json\/wp\/v2\/pages\/3117","targetHints":{"allow":["GET"]}}],"collection":[{"href":"https:\/\/heradsskolinn.is\/is\/wp-json\/wp\/v2\/pages"}],"about":[{"href":"https:\/\/heradsskolinn.is\/is\/wp-json\/wp\/v2\/types\/page"}],"author":[{"embeddable":true,"href":"https:\/\/heradsskolinn.is\/is\/wp-json\/wp\/v2\/users\/1"}],"replies":[{"embeddable":true,"href":"https:\/\/heradsskolinn.is\/is\/wp-json\/wp\/v2\/comments?post=3117"}],"version-history":[{"count":26,"href":"https:\/\/heradsskolinn.is\/is\/wp-json\/wp\/v2\/pages\/3117\/revisions"}],"predecessor-version":[{"id":3874,"href":"https:\/\/heradsskolinn.is\/is\/wp-json\/wp\/v2\/pages\/3117\/revisions\/3874"}],"wp:attachment":[{"href":"https:\/\/heradsskolinn.is\/is\/wp-json\/wp\/v2\/media?parent=3117"}],"curies":[{"name":"wp","href":"https:\/\/api.w.org\/{rel}","templated":true}]}}