{"id":3138,"date":"2022-10-15T08:17:19","date_gmt":"2022-10-15T08:17:19","guid":{"rendered":"https:\/\/heradsskolinn.is\/einstaklingsherbergi\/"},"modified":"2024-08-15T14:46:06","modified_gmt":"2024-08-15T14:46:06","slug":"einstaklingsherbergi","status":"publish","type":"page","link":"https:\/\/heradsskolinn.is\/is\/einstaklingsherbergi\/","title":{"rendered":"Einstaklingsherbergi"},"content":{"rendered":"\t\t<div data-elementor-type=\"wp-page\" data-elementor-id=\"3138\" class=\"elementor elementor-3138 elementor-2720\" data-elementor-post-type=\"page\">\n\t\t\t\t\t\t<section class=\"elementor-section elementor-top-section elementor-element elementor-element-539dac24 elementor-section-boxed elementor-section-height-default elementor-section-height-default\" data-id=\"539dac24\" data-element_type=\"section\" data-e-type=\"section\" data-settings=\"{&quot;background_background&quot;:&quot;classic&quot;}\">\n\t\t\t\t\t\t\t<div class=\"elementor-background-overlay\"><\/div>\n\t\t\t\t\t\t\t<div class=\"elementor-container elementor-column-gap-default\">\n\t\t\t\t\t<div class=\"elementor-column elementor-col-100 elementor-top-column elementor-element elementor-element-7f9b404e\" data-id=\"7f9b404e\" data-element_type=\"column\" data-e-type=\"column\">\n\t\t\t<div class=\"elementor-widget-wrap elementor-element-populated\">\n\t\t\t\t\t\t<div class=\"elementor-element elementor-element-2b75812e elementor-invisible elementor-widget elementor-widget-heading\" data-id=\"2b75812e\" data-element_type=\"widget\" data-e-type=\"widget\" data-settings=\"{&quot;_animation&quot;:&quot;fadeInDown&quot;}\" data-widget_type=\"heading.default\">\n\t\t\t\t\t<h2 class=\"elementor-heading-title elementor-size-default\">Einstaklingsherbergi<\/h2>\t\t\t\t<\/div>\n\t\t\t\t<div class=\"elementor-element elementor-element-677dad5 elementor-align-left elementor-widget elementor-widget-button\" data-id=\"677dad5\" data-element_type=\"widget\" data-e-type=\"widget\" data-widget_type=\"button.default\">\n\t\t\t\t\t\t\t\t\t\t<a class=\"elementor-button elementor-button-link elementor-size-md\" href=\"https:\/\/heradsskolinn.is\/is\/boka\/\">\n\t\t\t\t\t\t<span class=\"elementor-button-content-wrapper\">\n\t\t\t\t\t\t\t\t\t<span class=\"elementor-button-text\">B\u00f3ka<\/span>\n\t\t\t\t\t<\/span>\n\t\t\t\t\t<\/a>\n\t\t\t\t\t\t\t\t<\/div>\n\t\t\t\t\t<\/div>\n\t\t<\/div>\n\t\t\t\t\t<\/div>\n\t\t<\/section>\n\t\t\t\t<section class=\"elementor-section elementor-top-section elementor-element elementor-element-4e695cb7 elementor-section-boxed elementor-section-height-default elementor-section-height-default\" data-id=\"4e695cb7\" data-element_type=\"section\" data-e-type=\"section\">\n\t\t\t\t\t\t<div class=\"elementor-container elementor-column-gap-default\">\n\t\t\t\t\t<div class=\"elementor-column elementor-col-66 elementor-top-column elementor-element elementor-element-4b5c8eef\" data-id=\"4b5c8eef\" data-element_type=\"column\" data-e-type=\"column\">\n\t\t\t<div class=\"elementor-widget-wrap elementor-element-populated\">\n\t\t\t\t\t\t<div class=\"elementor-element elementor-element-5e6aa47a elementor-widget elementor-widget-heading\" data-id=\"5e6aa47a\" data-element_type=\"widget\" data-e-type=\"widget\" data-widget_type=\"heading.default\">\n\t\t\t\t\t<h2 class=\"elementor-heading-title elementor-size-default\">Herbergisl\u00fdsing<\/h2>\t\t\t\t<\/div>\n\t\t\t\t<div class=\"elementor-element elementor-element-5ffc1994 elementor-widget elementor-widget-text-editor\" data-id=\"5ffc1994\" data-element_type=\"widget\" data-e-type=\"widget\" data-widget_type=\"text-editor.default\">\n\t\t\t\t\t\t\t\t\t<p><strong>Einstaklingsherbergin \u00ed H\u00e9ra\u00f0ssk\u00f3lanum eru l\u00edtil og notaleg. <\/strong><\/p>\n<p>Einstaklingsherbergin eru g\u00f3\u00f0ur kostur fyrir einstakling \u00e1 fer\u00f0alagi e\u00f0a lei\u00f0s\u00f6gumenn Me\u00f0 sameiginlegu ba\u00f0herbergi og a\u00f0gangi a\u00f0 sameiginlegum r\u00fdmum <\/p>\n\t\t\t\t\t\t\t\t<\/div>\n\t\t\t\t<div class=\"elementor-element elementor-element-2ddab6b5 elementor-widget elementor-widget-heading\" data-id=\"2ddab6b5\" data-element_type=\"widget\" data-e-type=\"widget\" data-widget_type=\"heading.default\">\n\t\t\t\t\t<h2 class=\"elementor-heading-title elementor-size-default\">Myndir<\/h2>\t\t\t\t<\/div>\n\t\t\t\t<div class=\"elementor-element elementor-element-632d9855 elementor-widget elementor-widget-gallery\" data-id=\"632d9855\" data-element_type=\"widget\" data-e-type=\"widget\" data-settings=\"{&quot;gallery_layout&quot;:&quot;justified&quot;,&quot;ideal_row_height_mobile&quot;:{&quot;unit&quot;:&quot;px&quot;,&quot;size&quot;:100,&quot;sizes&quot;:[]},&quot;lazyload&quot;:&quot;yes&quot;,&quot;ideal_row_height&quot;:{&quot;unit&quot;:&quot;px&quot;,&quot;size&quot;:200,&quot;sizes&quot;:[]},&quot;ideal_row_height_tablet&quot;:{&quot;unit&quot;:&quot;px&quot;,&quot;size&quot;:150,&quot;sizes&quot;:[]},&quot;gap&quot;:{&quot;unit&quot;:&quot;px&quot;,&quot;size&quot;:10,&quot;sizes&quot;:[]},&quot;gap_tablet&quot;:{&quot;unit&quot;:&quot;px&quot;,&quot;size&quot;:10,&quot;sizes&quot;:[]},&quot;gap_mobile&quot;:{&quot;unit&quot;:&quot;px&quot;,&quot;size&quot;:10,&quot;sizes&quot;:[]},&quot;link_to&quot;:&quot;file&quot;,&quot;overlay_background&quot;:&quot;yes&quot;,&quot;content_hover_animation&quot;:&quot;fade-in&quot;}\" data-widget_type=\"gallery.default\">\n\t\t\t\t\t\t\t<div class=\"elementor-gallery__container\">\n\t\t\t\t\t\t\t<a class=\"e-gallery-item elementor-gallery-item elementor-animated-content\" href=\"https:\/\/heradsskolinn.is\/wp-content\/uploads\/2024\/08\/SingleRoom_1.jpg\" data-elementor-open-lightbox=\"yes\" data-elementor-lightbox-slideshow=\"632d9855\" data-elementor-lightbox-title=\"SingleRoom_1\" data-e-action-hash=\"#elementor-action%3Aaction%3Dlightbox%26settings%3DeyJpZCI6MzcxOSwidXJsIjoiaHR0cHM6XC9cL2hlcmFkc3Nrb2xpbm4uaXNcL3dwLWNvbnRlbnRcL3VwbG9hZHNcLzIwMjRcLzA4XC9TaW5nbGVSb29tXzEuanBnIiwic2xpZGVzaG93IjoiNjMyZDk4NTUifQ%3D%3D\">\n\t\t\t\t\t<div class=\"e-gallery-image elementor-gallery-item__image\" data-thumbnail=\"https:\/\/heradsskolinn.is\/wp-content\/uploads\/2024\/08\/SingleRoom_1.jpg\" data-width=\"1920\" data-height=\"1281\" aria-label=\"\" role=\"img\" ><\/div>\n\t\t\t\t\t\t\t\t\t\t\t<div class=\"elementor-gallery-item__overlay\"><\/div>\n\t\t\t\t\t\t\t\t\t\t\t\t\t\t<\/a>\n\t\t\t\t\t\t\t<a class=\"e-gallery-item elementor-gallery-item elementor-animated-content\" href=\"https:\/\/heradsskolinn.is\/wp-content\/uploads\/2024\/08\/SingleRoom_2.jpg\" data-elementor-open-lightbox=\"yes\" data-elementor-lightbox-slideshow=\"632d9855\" data-elementor-lightbox-title=\"SingleRoom_2\" data-e-action-hash=\"#elementor-action%3Aaction%3Dlightbox%26settings%3DeyJpZCI6MzgyOCwidXJsIjoiaHR0cHM6XC9cL2hlcmFkc3Nrb2xpbm4uaXNcL3dwLWNvbnRlbnRcL3VwbG9hZHNcLzIwMjRcLzA4XC9TaW5nbGVSb29tXzIuanBnIiwic2xpZGVzaG93IjoiNjMyZDk4NTUifQ%3D%3D\">\n\t\t\t\t\t<div class=\"e-gallery-image elementor-gallery-item__image\" data-thumbnail=\"https:\/\/heradsskolinn.is\/wp-content\/uploads\/2024\/08\/SingleRoom_2.jpg\" data-width=\"1920\" data-height=\"1281\" aria-label=\"\" role=\"img\" ><\/div>\n\t\t\t\t\t\t\t\t\t\t\t<div class=\"elementor-gallery-item__overlay\"><\/div>\n\t\t\t\t\t\t\t\t\t\t\t\t\t\t<\/a>\n\t\t\t\t\t\t\t<a class=\"e-gallery-item elementor-gallery-item elementor-animated-content\" href=\"https:\/\/heradsskolinn.is\/wp-content\/uploads\/2024\/08\/SingleRoom_3.jpg\" data-elementor-open-lightbox=\"yes\" data-elementor-lightbox-slideshow=\"632d9855\" data-elementor-lightbox-title=\"SingleRoom_3\" data-e-action-hash=\"#elementor-action%3Aaction%3Dlightbox%26settings%3DeyJpZCI6MzgzMCwidXJsIjoiaHR0cHM6XC9cL2hlcmFkc3Nrb2xpbm4uaXNcL3dwLWNvbnRlbnRcL3VwbG9hZHNcLzIwMjRcLzA4XC9TaW5nbGVSb29tXzMuanBnIiwic2xpZGVzaG93IjoiNjMyZDk4NTUifQ%3D%3D\">\n\t\t\t\t\t<div class=\"e-gallery-image elementor-gallery-item__image\" data-thumbnail=\"https:\/\/heradsskolinn.is\/wp-content\/uploads\/2024\/08\/SingleRoom_3.jpg\" data-width=\"1920\" data-height=\"1281\" aria-label=\"\" role=\"img\" ><\/div>\n\t\t\t\t\t\t\t\t\t\t\t<div class=\"elementor-gallery-item__overlay\"><\/div>\n\t\t\t\t\t\t\t\t\t\t\t\t\t\t<\/a>\n\t\t\t\t\t\t\t<a class=\"e-gallery-item elementor-gallery-item elementor-animated-content\" href=\"https:\/\/heradsskolinn.is\/wp-content\/uploads\/2024\/08\/GameRoom_1.jpg\" data-elementor-open-lightbox=\"yes\" data-elementor-lightbox-slideshow=\"632d9855\" data-elementor-lightbox-title=\"GameRoom_1\" data-e-action-hash=\"#elementor-action%3Aaction%3Dlightbox%26settings%3DeyJpZCI6Mzc2MSwidXJsIjoiaHR0cHM6XC9cL2hlcmFkc3Nrb2xpbm4uaXNcL3dwLWNvbnRlbnRcL3VwbG9hZHNcLzIwMjRcLzA4XC9HYW1lUm9vbV8xLmpwZyIsInNsaWRlc2hvdyI6IjYzMmQ5ODU1In0%3D\">\n\t\t\t\t\t<div class=\"e-gallery-image elementor-gallery-item__image\" data-thumbnail=\"https:\/\/heradsskolinn.is\/wp-content\/uploads\/2024\/08\/GameRoom_1.jpg\" data-width=\"1920\" data-height=\"1281\" aria-label=\"\" role=\"img\" ><\/div>\n\t\t\t\t\t\t\t\t\t\t\t<div class=\"elementor-gallery-item__overlay\"><\/div>\n\t\t\t\t\t\t\t\t\t\t\t\t\t\t<\/a>\n\t\t\t\t\t\t\t<a class=\"e-gallery-item elementor-gallery-item elementor-animated-content\" href=\"https:\/\/heradsskolinn.is\/wp-content\/uploads\/2024\/08\/GameRoom_2.jpg\" data-elementor-open-lightbox=\"yes\" data-elementor-lightbox-slideshow=\"632d9855\" data-elementor-lightbox-title=\"GameRoom_2\" data-e-action-hash=\"#elementor-action%3Aaction%3Dlightbox%26settings%3DeyJpZCI6Mzc2MywidXJsIjoiaHR0cHM6XC9cL2hlcmFkc3Nrb2xpbm4uaXNcL3dwLWNvbnRlbnRcL3VwbG9hZHNcLzIwMjRcLzA4XC9HYW1lUm9vbV8yLmpwZyIsInNsaWRlc2hvdyI6IjYzMmQ5ODU1In0%3D\">\n\t\t\t\t\t<div class=\"e-gallery-image elementor-gallery-item__image\" data-thumbnail=\"https:\/\/heradsskolinn.is\/wp-content\/uploads\/2024\/08\/GameRoom_2.jpg\" data-width=\"1920\" data-height=\"1281\" aria-label=\"\" role=\"img\" ><\/div>\n\t\t\t\t\t\t\t\t\t\t\t<div class=\"elementor-gallery-item__overlay\"><\/div>\n\t\t\t\t\t\t\t\t\t\t\t\t\t\t<\/a>\n\t\t\t\t\t\t\t<a class=\"e-gallery-item elementor-gallery-item elementor-animated-content\" href=\"https:\/\/heradsskolinn.is\/wp-content\/uploads\/2024\/08\/Hero_1.jpg\" data-elementor-open-lightbox=\"yes\" data-elementor-lightbox-slideshow=\"632d9855\" data-elementor-lightbox-title=\"Hero_1\" data-e-action-hash=\"#elementor-action%3Aaction%3Dlightbox%26settings%3DeyJpZCI6MzcxMiwidXJsIjoiaHR0cHM6XC9cL2hlcmFkc3Nrb2xpbm4uaXNcL3dwLWNvbnRlbnRcL3VwbG9hZHNcLzIwMjRcLzA4XC9IZXJvXzEuanBnIiwic2xpZGVzaG93IjoiNjMyZDk4NTUifQ%3D%3D\">\n\t\t\t\t\t<div class=\"e-gallery-image elementor-gallery-item__image\" data-thumbnail=\"https:\/\/heradsskolinn.is\/wp-content\/uploads\/2024\/08\/Hero_1.jpg\" data-width=\"1920\" data-height=\"1281\" aria-label=\"\" role=\"img\" ><\/div>\n\t\t\t\t\t\t\t\t\t\t\t<div class=\"elementor-gallery-item__overlay\"><\/div>\n\t\t\t\t\t\t\t\t\t\t\t\t\t\t<\/a>\n\t\t\t\t\t\t\t<a class=\"e-gallery-item elementor-gallery-item elementor-animated-content\" href=\"https:\/\/heradsskolinn.is\/wp-content\/uploads\/2024\/08\/Hero_2.jpg\" data-elementor-open-lightbox=\"yes\" data-elementor-lightbox-slideshow=\"632d9855\" data-elementor-lightbox-title=\"Hero_2\" data-e-action-hash=\"#elementor-action%3Aaction%3Dlightbox%26settings%3DeyJpZCI6MzcxNCwidXJsIjoiaHR0cHM6XC9cL2hlcmFkc3Nrb2xpbm4uaXNcL3dwLWNvbnRlbnRcL3VwbG9hZHNcLzIwMjRcLzA4XC9IZXJvXzIuanBnIiwic2xpZGVzaG93IjoiNjMyZDk4NTUifQ%3D%3D\">\n\t\t\t\t\t<div class=\"e-gallery-image elementor-gallery-item__image\" data-thumbnail=\"https:\/\/heradsskolinn.is\/wp-content\/uploads\/2024\/08\/Hero_2.jpg\" data-width=\"1920\" data-height=\"1281\" aria-label=\"\" role=\"img\" ><\/div>\n\t\t\t\t\t\t\t\t\t\t\t<div class=\"elementor-gallery-item__overlay\"><\/div>\n\t\t\t\t\t\t\t\t\t\t\t\t\t\t<\/a>\n\t\t\t\t\t\t\t<a class=\"e-gallery-item elementor-gallery-item elementor-animated-content\" href=\"https:\/\/heradsskolinn.is\/wp-content\/uploads\/2024\/08\/Hotel1.jpg\" data-elementor-open-lightbox=\"yes\" data-elementor-lightbox-slideshow=\"632d9855\" data-elementor-lightbox-title=\"Hotel1\" data-e-action-hash=\"#elementor-action%3Aaction%3Dlightbox%26settings%3DeyJpZCI6MzYwNywidXJsIjoiaHR0cHM6XC9cL2hlcmFkc3Nrb2xpbm4uaXNcL3dwLWNvbnRlbnRcL3VwbG9hZHNcLzIwMjRcLzA4XC9Ib3RlbDEuanBnIiwic2xpZGVzaG93IjoiNjMyZDk4NTUifQ%3D%3D\">\n\t\t\t\t\t<div class=\"e-gallery-image elementor-gallery-item__image\" data-thumbnail=\"https:\/\/heradsskolinn.is\/wp-content\/uploads\/2024\/08\/Hotel1.jpg\" data-width=\"1920\" data-height=\"1281\" aria-label=\"\" role=\"img\" ><\/div>\n\t\t\t\t\t\t\t\t\t\t\t<div class=\"elementor-gallery-item__overlay\"><\/div>\n\t\t\t\t\t\t\t\t\t\t\t\t\t\t<\/a>\n\t\t\t\t\t\t\t<a class=\"e-gallery-item elementor-gallery-item elementor-animated-content\" href=\"https:\/\/heradsskolinn.is\/wp-content\/uploads\/2024\/07\/0O5A8880.jpg\" data-elementor-open-lightbox=\"yes\" data-elementor-lightbox-slideshow=\"632d9855\" data-elementor-lightbox-title=\"0O5A8880\" data-e-action-hash=\"#elementor-action%3Aaction%3Dlightbox%26settings%3DeyJpZCI6MzQ3MCwidXJsIjoiaHR0cHM6XC9cL2hlcmFkc3Nrb2xpbm4uaXNcL3dwLWNvbnRlbnRcL3VwbG9hZHNcLzIwMjRcLzA3XC8wTzVBODg4MC5qcGciLCJzbGlkZXNob3ciOiI2MzJkOTg1NSJ9\">\n\t\t\t\t\t<div class=\"e-gallery-image elementor-gallery-item__image\" data-thumbnail=\"https:\/\/heradsskolinn.is\/wp-content\/uploads\/2024\/07\/0O5A8880.jpg\" data-width=\"1920\" data-height=\"1281\" aria-label=\"\" role=\"img\" ><\/div>\n\t\t\t\t\t\t\t\t\t\t\t<div class=\"elementor-gallery-item__overlay\"><\/div>\n\t\t\t\t\t\t\t\t\t\t\t\t\t\t<\/a>\n\t\t\t\t\t\t\t<a class=\"e-gallery-item elementor-gallery-item elementor-animated-content\" href=\"https:\/\/heradsskolinn.is\/wp-content\/uploads\/2024\/07\/0O5A8883.jpg\" data-elementor-open-lightbox=\"yes\" data-elementor-lightbox-slideshow=\"632d9855\" data-elementor-lightbox-title=\"0O5A8883\" data-e-action-hash=\"#elementor-action%3Aaction%3Dlightbox%26settings%3DeyJpZCI6MzQ2OCwidXJsIjoiaHR0cHM6XC9cL2hlcmFkc3Nrb2xpbm4uaXNcL3dwLWNvbnRlbnRcL3VwbG9hZHNcLzIwMjRcLzA3XC8wTzVBODg4My5qcGciLCJzbGlkZXNob3ciOiI2MzJkOTg1NSJ9\">\n\t\t\t\t\t<div class=\"e-gallery-image elementor-gallery-item__image\" data-thumbnail=\"https:\/\/heradsskolinn.is\/wp-content\/uploads\/2024\/07\/0O5A8883.jpg\" data-width=\"1920\" data-height=\"1281\" aria-label=\"\" role=\"img\" ><\/div>\n\t\t\t\t\t\t\t\t\t\t\t<div class=\"elementor-gallery-item__overlay\"><\/div>\n\t\t\t\t\t\t\t\t\t\t\t\t\t\t<\/a>\n\t\t\t\t\t\t\t<a class=\"e-gallery-item elementor-gallery-item elementor-animated-content\" href=\"https:\/\/heradsskolinn.is\/wp-content\/uploads\/2024\/07\/0O5A9139.jpg\" data-elementor-open-lightbox=\"yes\" data-elementor-lightbox-slideshow=\"632d9855\" data-elementor-lightbox-title=\"0O5A9139\" data-e-action-hash=\"#elementor-action%3Aaction%3Dlightbox%26settings%3DeyJpZCI6MzQ5MiwidXJsIjoiaHR0cHM6XC9cL2hlcmFkc3Nrb2xpbm4uaXNcL3dwLWNvbnRlbnRcL3VwbG9hZHNcLzIwMjRcLzA3XC8wTzVBOTEzOS5qcGciLCJzbGlkZXNob3ciOiI2MzJkOTg1NSJ9\">\n\t\t\t\t\t<div class=\"e-gallery-image elementor-gallery-item__image\" data-thumbnail=\"https:\/\/heradsskolinn.is\/wp-content\/uploads\/2024\/07\/0O5A9139.jpg\" data-width=\"1920\" data-height=\"1281\" aria-label=\"\" role=\"img\" ><\/div>\n\t\t\t\t\t\t\t\t\t\t\t<div class=\"elementor-gallery-item__overlay\"><\/div>\n\t\t\t\t\t\t\t\t\t\t\t\t\t\t<\/a>\n\t\t\t\t\t<\/div>\n\t\t\t\t\t<\/div>\n\t\t\t\t\t<\/div>\n\t\t<\/div>\n\t\t\t\t<div class=\"elementor-column elementor-col-33 elementor-top-column elementor-element elementor-element-480a4973\" data-id=\"480a4973\" data-element_type=\"column\" data-e-type=\"column\" data-settings=\"{&quot;background_background&quot;:&quot;classic&quot;}\">\n\t\t\t<div class=\"elementor-widget-wrap elementor-element-populated\">\n\t\t\t\t\t\t<div class=\"elementor-element elementor-element-5ed4be42 elementor-widget elementor-widget-heading\" data-id=\"5ed4be42\" data-element_type=\"widget\" data-e-type=\"widget\" data-widget_type=\"heading.default\">\n\t\t\t\t\t<h2 class=\"elementor-heading-title elementor-size-default\">Ver\u00f0<\/h2>\t\t\t\t<\/div>\n\t\t\t\t<div class=\"elementor-element elementor-element-24bacbca elementor-widget-divider--view-line elementor-widget elementor-widget-divider\" data-id=\"24bacbca\" data-element_type=\"widget\" data-e-type=\"widget\" data-widget_type=\"divider.default\">\n\t\t\t\t\t\t\t<div class=\"elementor-divider\">\n\t\t\t<span class=\"elementor-divider-separator\">\n\t\t\t\t\t\t<\/span>\n\t\t<\/div>\n\t\t\t\t\t\t<\/div>\n\t\t\t\t<div class=\"elementor-element elementor-element-421c6267 elementor-widget elementor-widget-text-editor\" data-id=\"421c6267\" data-element_type=\"widget\" data-e-type=\"widget\" data-widget_type=\"text-editor.default\">\n\t\t\t\t\t\t\t\t\t<p>Start from <span class=\"awebooking-price \"><span class=\"awebooking-price__symbol\">\u20ac89<\/span><\/span>\/night<\/p>\n\t\t\t\t\t\t\t\t<\/div>\n\t\t\t\t<div class=\"elementor-element elementor-element-5b3f8cc8 elementor-widget-divider--view-line elementor-widget elementor-widget-divider\" data-id=\"5b3f8cc8\" data-element_type=\"widget\" data-e-type=\"widget\" data-widget_type=\"divider.default\">\n\t\t\t\t\t\t\t<div class=\"elementor-divider\">\n\t\t\t<span class=\"elementor-divider-separator\">\n\t\t\t\t\t\t<\/span>\n\t\t<\/div>\n\t\t\t\t\t\t<\/div>\n\t\t\t\t<div class=\"elementor-element elementor-element-18848973 elementor-widget elementor-widget-heading\" data-id=\"18848973\" data-element_type=\"widget\" data-e-type=\"widget\" data-widget_type=\"heading.default\">\n\t\t\t\t\t<h2 class=\"elementor-heading-title elementor-size-default\">\u00de\u00e6gindi<\/h2>\t\t\t\t<\/div>\n\t\t\t\t<div class=\"elementor-element elementor-element-51a59852 elementor-widget-divider--view-line elementor-widget elementor-widget-divider\" data-id=\"51a59852\" data-element_type=\"widget\" data-e-type=\"widget\" data-widget_type=\"divider.default\">\n\t\t\t\t\t\t\t<div class=\"elementor-divider\">\n\t\t\t<span class=\"elementor-divider-separator\">\n\t\t\t\t\t\t<\/span>\n\t\t<\/div>\n\t\t\t\t\t\t<\/div>\n\t\t\t\t<div class=\"elementor-element elementor-element-4c1ac76a elementor-icon-list--layout-traditional elementor-list-item-link-full_width elementor-widget elementor-widget-icon-list\" data-id=\"4c1ac76a\" data-element_type=\"widget\" data-e-type=\"widget\" data-widget_type=\"icon-list.default\">\n\t\t\t\t\t\t\t<ul class=\"elementor-icon-list-items\">\n\t\t\t\t\t\t\t<li class=\"elementor-icon-list-item\">\n\t\t\t\t\t\t\t\t\t\t\t<span class=\"elementor-icon-list-icon\">\n\t\t\t\t\t\t\t<i aria-hidden=\"true\" class=\" icon_check\"><\/i>\t\t\t\t\t\t<\/span>\n\t\t\t\t\t\t\t\t\t\t<span class=\"elementor-icon-list-text\">\u00d3keypis WIFI<\/span>\n\t\t\t\t\t\t\t\t\t<\/li>\n\t\t\t\t\t\t\t\t<li class=\"elementor-icon-list-item\">\n\t\t\t\t\t\t\t\t\t\t\t<span class=\"elementor-icon-list-icon\">\n\t\t\t\t\t\t\t<i aria-hidden=\"true\" class=\" icon_check\"><\/i>\t\t\t\t\t\t<\/span>\n\t\t\t\t\t\t\t\t\t\t<span class=\"elementor-icon-list-text\">Fjallas\u00fdn<\/span>\n\t\t\t\t\t\t\t\t\t<\/li>\n\t\t\t\t\t\t\t\t<li class=\"elementor-icon-list-item\">\n\t\t\t\t\t\t\t\t\t\t\t<span class=\"elementor-icon-list-icon\">\n\t\t\t\t\t\t\t<i aria-hidden=\"true\" class=\" icon_check\"><\/i>\t\t\t\t\t\t<\/span>\n\t\t\t\t\t\t\t\t\t\t<span class=\"elementor-icon-list-text\">Leikherbergi<\/span>\n\t\t\t\t\t\t\t\t\t<\/li>\n\t\t\t\t\t\t<\/ul>\n\t\t\t\t\t\t<\/div>\n\t\t\t\t<div class=\"elementor-element elementor-element-41917c1d elementor-widget-divider--view-line elementor-widget elementor-widget-divider\" data-id=\"41917c1d\" data-element_type=\"widget\" data-e-type=\"widget\" data-widget_type=\"divider.default\">\n\t\t\t\t\t\t\t<div class=\"elementor-divider\">\n\t\t\t<span class=\"elementor-divider-separator\">\n\t\t\t\t\t\t<\/span>\n\t\t<\/div>\n\t\t\t\t\t\t<\/div>\n\t\t\t\t<div class=\"elementor-element elementor-element-4aeb5223 elementor-view-stacked elementor-position-inline-start elementor-mobile-position-inline-start elementor-shape-circle elementor-widget elementor-widget-icon-box\" data-id=\"4aeb5223\" data-element_type=\"widget\" data-e-type=\"widget\" data-widget_type=\"icon-box.default\">\n\t\t\t\t\t\t\t<div class=\"elementor-icon-box-wrapper\">\n\n\t\t\t\t\t\t<div class=\"elementor-icon-box-icon\">\n\t\t\t\t<span  class=\"elementor-icon elementor-animation-float\">\n\t\t\t\t<i aria-hidden=\"true\" class=\"icon icon-phone1\"><\/i>\t\t\t\t<\/span>\n\t\t\t<\/div>\n\t\t\t\n\t\t\t\t\t\t<div class=\"elementor-icon-box-content\">\n\n\t\t\t\t\t\t\t\t\t<div class=\"elementor-icon-box-title\">\n\t\t\t\t\t\t<span  >\n\t\t\t\t\t\t\tUppl\u00fdsingar\t\t\t\t\t\t<\/span>\n\t\t\t\t\t<\/div>\n\t\t\t\t\n\t\t\t\t\t\t\t\t\t<p class=\"elementor-icon-box-description\">\n\t\t\t\t\t\t+354 537 8060\t\t\t\t\t<\/p>\n\t\t\t\t\n\t\t\t<\/div>\n\t\t\t\n\t\t<\/div>\n\t\t\t\t\t\t<\/div>\n\t\t\t\t<div class=\"elementor-element elementor-element-25f61180 elementor-cta--skin-cover elementor-cta--valign-middle elementor-bg-transform elementor-bg-transform-move-left elementor-invisible elementor-widget elementor-widget-call-to-action\" data-id=\"25f61180\" data-element_type=\"widget\" data-e-type=\"widget\" data-settings=\"{&quot;_animation&quot;:&quot;bounceInUp&quot;}\" data-widget_type=\"call-to-action.default\">\n\t\t\t\t\t\t\t<div class=\"elementor-cta\">\n\t\t\t\t\t<div class=\"elementor-cta__bg-wrapper\">\n\t\t\t\t<div class=\"elementor-cta__bg elementor-bg\" style=\"background-image: url(https:\/\/heradsskolinn.is\/wp-content\/uploads\/2022\/10\/VM7A4143.jpg);\" role=\"img\" aria-label=\"VM7A4143\"><\/div>\n\t\t\t\t<div class=\"elementor-cta__bg-overlay\"><\/div>\n\t\t\t<\/div>\n\t\t\t\t\t\t\t<div class=\"elementor-cta__content\">\n\t\t\t\t\n\t\t\t\t\t\t\t\t\t<h2 class=\"elementor-cta__title elementor-cta__content-item elementor-content-item\">\n\t\t\t\t\t\tNor\u00f0urlj\u00f3s\t\t\t\t\t<\/h2>\n\t\t\t\t\n\t\t\t\t\t\t\t\t\t<div class=\"elementor-cta__description elementor-cta__content-item elementor-content-item\">\n\t\t\t\t\t\t<p>N\u00e6turd\u00fdr\u00f0<\/p>\n\t\t\t\t\t<\/div>\n\t\t\t\t\n\t\t\t\t\t\t\t\t\t<div class=\"elementor-cta__button-wrapper elementor-cta__content-item elementor-content-item \">\n\t\t\t\t\t<a class=\"elementor-cta__button elementor-button elementor-size-\" href=\"https:\/\/heradsskolinn.is\/is\/naeturdyrd\/\">\n\t\t\t\t\t\tFrekari uppl\u00fdsingar\t\t\t\t\t<\/a>\n\t\t\t\t\t<\/div>\n\t\t\t\t\t\t\t<\/div>\n\t\t\t\t\t\t<\/div>\n\t\t\t\t\t\t<\/div>\n\t\t\t\t\t<\/div>\n\t\t<\/div>\n\t\t\t\t\t<\/div>\n\t\t<\/section>\n\t\t\t\t<\/div>\n\t\t","protected":false},"excerpt":{"rendered":"<p>Einstaklingsherbergi B\u00f3ka Herbergisl\u00fdsing Einstaklingsherbergin \u00ed H\u00e9ra\u00f0ssk\u00f3lanum eru l\u00edtil og notaleg. Einstaklingsherbergin eru g\u00f3\u00f0ur kostur fyrir einstakling \u00e1 fer\u00f0alagi e\u00f0a lei\u00f0s\u00f6gumenn Me\u00f0 sameiginlegu ba\u00f0herbergi og a\u00f0gangi a\u00f0 sameiginlegum r\u00fdmum Myndir Ver\u00f0 Start from \u20ac89\/night \u00de\u00e6gindi \u00d3keypis WIFI Fjallas\u00fdn Leikherbergi Uppl\u00fdsingar +354 537 8060 Nor\u00f0urlj\u00f3s N\u00e6turd\u00fdr\u00f0 Frekari uppl\u00fdsingar<\/p>\n","protected":false},"author":1,"featured_media":0,"parent":0,"menu_order":0,"comment_status":"closed","ping_status":"closed","template":"elementor_header_footer","meta":{"footnotes":""},"class_list":["post-3138","page","type-page","status-publish","hentry"],"_links":{"self":[{"href":"https:\/\/heradsskolinn.is\/is\/wp-json\/wp\/v2\/pages\/3138","targetHints":{"allow":["GET"]}}],"collection":[{"href":"https:\/\/heradsskolinn.is\/is\/wp-json\/wp\/v2\/pages"}],"about":[{"href":"https:\/\/heradsskolinn.is\/is\/wp-json\/wp\/v2\/types\/page"}],"author":[{"embeddable":true,"href":"https:\/\/heradsskolinn.is\/is\/wp-json\/wp\/v2\/users\/1"}],"replies":[{"embeddable":true,"href":"https:\/\/heradsskolinn.is\/is\/wp-json\/wp\/v2\/comments?post=3138"}],"version-history":[{"count":7,"href":"https:\/\/heradsskolinn.is\/is\/wp-json\/wp\/v2\/pages\/3138\/revisions"}],"predecessor-version":[{"id":3931,"href":"https:\/\/heradsskolinn.is\/is\/wp-json\/wp\/v2\/pages\/3138\/revisions\/3931"}],"wp:attachment":[{"href":"https:\/\/heradsskolinn.is\/is\/wp-json\/wp\/v2\/media?parent=3138"}],"curies":[{"name":"wp","href":"https:\/\/api.w.org\/{rel}","templated":true}]}}